{"id":8817,"date":"2024-03-16T20:26:08","date_gmt":"2024-03-16T20:26:08","guid":{"rendered":"https:\/\/www.interface-wien.at\/arbeiten-bei-interface-wien-copy\/"},"modified":"2026-04-02T12:19:56","modified_gmt":"2026-04-02T10:19:56","slug":"offene-stellen","status":"publish","type":"page","link":"https:\/\/www.interface-wien.at\/en\/offene-stellen\/","title":{"rendered":"Vacancies"},"content":{"rendered":"<div data-elementor-type=\"wp-page\" data-elementor-id=\"8817\" class=\"elementor elementor-8817\" data-elementor-post-type=\"page\">\n\t\t\t\t<div class=\"elementor-element elementor-element-1eddaa4f e-flex e-con-boxed e-con e-parent\" data-id=\"1eddaa4f\" data-element_type=\"container\" data-e-type=\"container\">\n\t\t\t\t\t<div class=\"e-con-inner\">\n\t\t\t\t<div class=\"elementor-element elementor-element-3b799be1 elementor-hidden-desktop elementor-hidden-tablet elementor-hidden-mobile elementor-widget elementor-widget-html\" data-id=\"3b799be1\" data-element_type=\"widget\" data-e-type=\"widget\" data-widget_type=\"html.default\">\n\t\t\t\t<div class=\"elementor-widget-container\">\n\t\t\t\t\t<script>\ndocument.addEventListener(\"DOMContentLoaded\", function() {\n    const body = document.body;\n    const breadcrumbs = document.getElementById('breadcrumbs');\n    let newCrumb = '';\n\n    if (body.classList.contains('beratung')) {\n        newCrumb = 'Beratung';\n    } else if (body.classList.contains('projekte')) {\n        newCrumb = 'Projekte';\n    } else if (body.classList.contains('bildung')) {\n        newCrumb = 'Bildung';\n    }\n\n    if (newCrumb !== '') {\n        const lastBreadcrumb = breadcrumbs.querySelector('.breadcrumb_last');\n        breadcrumbs.innerHTML = breadcrumbs.innerHTML.replace(lastBreadcrumb.outerHTML, newCrumb + ' &gt; ' + lastBreadcrumb.outerHTML);\n    }\n});\n<\/script>\t\t\t\t<\/div>\n\t\t\t\t<\/div>\n\t\t\t\t\t<\/div>\n\t\t\t\t<\/div>\n\t\t<div class=\"elementor-element elementor-element-56ead0db e-flex e-con-boxed e-con e-parent\" data-id=\"56ead0db\" data-element_type=\"container\" data-e-type=\"container\">\n\t\t\t\t\t<div class=\"e-con-inner\">\n\t\t<div class=\"elementor-element elementor-element-5d8e6efd e-con-full e-flex e-con e-child\" data-id=\"5d8e6efd\" data-element_type=\"container\" data-e-type=\"container\">\n\t\t\t\t<div class=\"elementor-element elementor-element-51aa1c1d elementor-widget__width-inherit elementor-widget elementor-widget-heading\" data-id=\"51aa1c1d\" data-element_type=\"widget\" data-e-type=\"widget\" data-widget_type=\"heading.default\">\n\t\t\t\t<div class=\"elementor-widget-container\">\n\t\t\t\t\t<h1 class=\"elementor-heading-title elementor-size-default\">Vacancies<\/h1>\t\t\t\t<\/div>\n\t\t\t\t<\/div>\n\t\t\t\t<\/div>\n\t\t\t\t\t<\/div>\n\t\t\t\t<\/div>\n\t\t<div class=\"elementor-element elementor-element-ad4477f e-flex e-con-boxed e-con e-parent\" data-id=\"ad4477f\" data-element_type=\"container\" data-e-type=\"container\" data-settings=\"{&quot;background_background&quot;:&quot;classic&quot;}\">\n\t\t\t\t\t<div class=\"e-con-inner\">\n\t\t<div class=\"elementor-element elementor-element-85f5900 e-con-full e-flex e-con e-child\" data-id=\"85f5900\" data-element_type=\"container\" data-e-type=\"container\">\n\t\t\t\t<div class=\"elementor-element elementor-element-e6d04a0 elementor-widget__width-inherit elementor-widget elementor-widget-heading\" data-id=\"e6d04a0\" data-element_type=\"widget\" data-e-type=\"widget\" data-widget_type=\"heading.default\">\n\t\t\t\t<div class=\"elementor-widget-container\">\n\t\t\t\t\t<h3 class=\"elementor-heading-title elementor-size-default\">Open positions in the Nurses4Vienna project<\/h3>\t\t\t\t<\/div>\n\t\t\t\t<\/div>\n\t\t\t\t<div class=\"elementor-element elementor-element-58422e8 elementor-widget-tablet__width-inherit elementor-widget elementor-widget-text-editor\" data-id=\"58422e8\" data-element_type=\"widget\" data-e-type=\"widget\" data-widget_type=\"text-editor.default\">\n\t\t\t\t<div class=\"elementor-widget-container\">\n\t\t\t\t\t\t\t\t\t<p><a href=\"https:\/\/www.interface-wien.at\/en\/ifw_stellenausschreibung_daz_kursleitung_n4v\/\" target=\"_blank\" rel=\"noopener\">Course leader German as a Second Language<\/a>, 21 WS, application deadline: April 15, 2026<\/p>\t\t\t\t\t\t\t\t<\/div>\n\t\t\t\t<\/div>\n\t\t\t\t<\/div>\n\t\t\t\t<div class=\"elementor-element elementor-element-7f8a3fb elementor-widget__width-initial elementor-widget elementor-widget-image\" data-id=\"7f8a3fb\" data-element_type=\"widget\" data-e-type=\"widget\" data-widget_type=\"image.default\">\n\t\t\t\t<div class=\"elementor-widget-container\">\n\t\t\t\t\t\t\t\t\t\t\t\t<figure class=\"wp-caption\">\n\t\t\t\t\t\t\t\t\t\t\t<a href=\"https:\/\/www.interface-wien.at\/wp-content\/uploads\/2026\/04\/wiener-gesundheitsverbund-nurses4vienna-indonesien-ankunft-1600x800-1-1030x515-1.jpg\" data-elementor-open-lightbox=\"yes\" data-elementor-lightbox-title=\"wiener-gesundheitsverbund-nurses4vienna-indonesien-ankunft-1600x800-1-1030x515\" data-elementor-lightbox-description=\"Nurses4Vienna Kursteilnehmer*innenFoto: Wiener Gesundheitsverbund \/ Bohmann\" data-e-action-hash=\"#elementor-action%3Aaction%3Dlightbox%26settings%3DeyJpZCI6MTQ3MzUsInVybCI6Imh0dHBzOlwvXC93d3cuaW50ZXJmYWNlLXdpZW4uYXRcL3dwLWNvbnRlbnRcL3VwbG9hZHNcLzIwMjZcLzA0XC93aWVuZXItZ2VzdW5kaGVpdHN2ZXJidW5kLW51cnNlczR2aWVubmEtaW5kb25lc2llbi1hbmt1bmZ0LTE2MDB4ODAwLTEtMTAzMHg1MTUtMS5qcGcifQ%3D%3D\">\n\t\t\t\t\t\t\t<img fetchpriority=\"high\" decoding=\"async\" width=\"1030\" height=\"515\" src=\"https:\/\/www.interface-wien.at\/wp-content\/uploads\/2026\/04\/wiener-gesundheitsverbund-nurses4vienna-indonesien-ankunft-1600x800-1-1030x515-1.jpg\" class=\"attachment-full size-full wp-image-14735\" alt=\"Foto: Wiener Gesundheitsverbund \/ Bohmann\" srcset=\"https:\/\/www.interface-wien.at\/wp-content\/uploads\/2026\/04\/wiener-gesundheitsverbund-nurses4vienna-indonesien-ankunft-1600x800-1-1030x515-1.jpg 1030w, https:\/\/www.interface-wien.at\/wp-content\/uploads\/2026\/04\/wiener-gesundheitsverbund-nurses4vienna-indonesien-ankunft-1600x800-1-1030x515-1-800x400.jpg 800w, https:\/\/www.interface-wien.at\/wp-content\/uploads\/2026\/04\/wiener-gesundheitsverbund-nurses4vienna-indonesien-ankunft-1600x800-1-1030x515-1-1024x512.jpg 1024w, https:\/\/www.interface-wien.at\/wp-content\/uploads\/2026\/04\/wiener-gesundheitsverbund-nurses4vienna-indonesien-ankunft-1600x800-1-1030x515-1-400x200.jpg 400w, https:\/\/www.interface-wien.at\/wp-content\/uploads\/2026\/04\/wiener-gesundheitsverbund-nurses4vienna-indonesien-ankunft-1600x800-1-1030x515-1-768x384.jpg 768w, https:\/\/www.interface-wien.at\/wp-content\/uploads\/2026\/04\/wiener-gesundheitsverbund-nurses4vienna-indonesien-ankunft-1600x800-1-1030x515-1-18x9.jpg 18w\" sizes=\"(max-width: 1030px) 100vw, 1030px\" \/>\t\t\t\t\t\t\t\t<\/a>\n\t\t\t\t\t\t\t\t\t\t\t<figcaption class=\"widget-image-caption wp-caption-text\">Nurses4Vienna course participants Photo: Vienna Health Network \/ Bohmann<\/figcaption>\n\t\t\t\t\t\t\t\t\t\t<\/figure>\n\t\t\t\t\t\t\t\t\t<\/div>\n\t\t\t\t<\/div>\n\t\t\t\t\t<\/div>\n\t\t\t\t<\/div>\n\t\t<div class=\"elementor-element elementor-element-32a11a0 e-flex e-con-boxed e-con e-parent\" data-id=\"32a11a0\" data-element_type=\"container\" data-e-type=\"container\" data-settings=\"{&quot;background_background&quot;:&quot;classic&quot;}\">\n\t\t\t\t\t<div class=\"e-con-inner\">\n\t\t<div class=\"elementor-element elementor-element-a556962 e-con-full e-flex e-con e-child\" data-id=\"a556962\" data-element_type=\"container\" data-e-type=\"container\">\n\t\t\t\t<div class=\"elementor-element elementor-element-714b868 elementor-widget__width-inherit elementor-widget elementor-widget-heading\" data-id=\"714b868\" data-element_type=\"widget\" data-e-type=\"widget\" data-widget_type=\"heading.default\">\n\t\t\t\t<div class=\"elementor-widget-container\">\n\t\t\t\t\t<h3 class=\"elementor-heading-title elementor-size-default\">Vacancies in summer education projects<\/h3>\t\t\t\t<\/div>\n\t\t\t\t<\/div>\n\t\t\t\t<div class=\"elementor-element elementor-element-59345da elementor-widget-tablet__width-inherit elementor-widget elementor-widget-text-editor\" data-id=\"59345da\" data-element_type=\"widget\" data-e-type=\"widget\" data-widget_type=\"text-editor.default\">\n\t\t\t\t<div class=\"elementor-widget-container\">\n\t\t\t\t\t\t\t\t\t<p><strong>Wiener Sommerdeutschkurse<\/strong><br \/><a href=\"https:\/\/www.interface-wien.at\/wp-content\/uploads\/2026\/01\/SDK.26_Stellenausschreibung-Kursleitung.pdf\" target=\"_blank\" rel=\"noopener\">Course instructors for early childhood language support for new school children<\/a>, 18.5 WS, current application<\/p><p><strong>Summer City Camps<\/strong><br \/><a href=\"https:\/\/www.interface-wien.at\/wp-content\/uploads\/2026\/01\/IFW_Stellenausschreibung_Kursleitung_SCC-26_IDF.pdf\" target=\"_blank\" rel=\"noopener\">Course instructors for integrative language support in German for primary school children<\/a>, 12, 17 or 29 semesters, ongoing application<\/p><p><a href=\"https:\/\/www.interface-wien.at\/wp-content\/uploads\/2026\/01\/IFW_Stellenausschreibung_Kursleitung_SCC-26_IKM.pdf\" target=\"_blank\" rel=\"noopener\">Course instructors for integrative competence development in mathematics for primary school children<\/a>, 12, 17 or 29 semesters, ongoing application<\/p>\t\t\t\t\t\t\t\t<\/div>\n\t\t\t\t<\/div>\n\t\t\t\t<\/div>\n\t\t\t\t<div class=\"elementor-element elementor-element-b513b0c elementor-widget__width-initial elementor-widget elementor-widget-image\" data-id=\"b513b0c\" data-element_type=\"widget\" data-e-type=\"widget\" data-widget_type=\"image.default\">\n\t\t\t\t<div class=\"elementor-widget-container\">\n\t\t\t\t\t\t\t\t\t\t\t\t\t\t\t\t<a href=\"https:\/\/www.interface-wien.at\/wp-content\/uploads\/2025\/01\/DSCF3104-scaled.jpg\" data-elementor-open-lightbox=\"yes\" data-elementor-lightbox-title=\"SDK_2024_3\" data-e-action-hash=\"#elementor-action%3Aaction%3Dlightbox%26settings%3DeyJpZCI6MTE4NzMsInVybCI6Imh0dHBzOlwvXC93d3cuaW50ZXJmYWNlLXdpZW4uYXRcL3dwLWNvbnRlbnRcL3VwbG9hZHNcLzIwMjVcLzAxXC9EU0NGMzEwNC1zY2FsZWQuanBnIn0%3D\">\n\t\t\t\t\t\t\t<img decoding=\"async\" width=\"2560\" height=\"1967\" src=\"https:\/\/www.interface-wien.at\/wp-content\/uploads\/2025\/01\/DSCF3104-scaled.jpg\" class=\"attachment-full size-full wp-image-11873\" alt=\"Tafelbild Wiener Sommerdeutschkurse: schreiben, malen, lesen\" srcset=\"https:\/\/www.interface-wien.at\/wp-content\/uploads\/2025\/01\/DSCF3104-scaled.jpg 2560w, https:\/\/www.interface-wien.at\/wp-content\/uploads\/2025\/01\/DSCF3104-800x615.jpg 800w, https:\/\/www.interface-wien.at\/wp-content\/uploads\/2025\/01\/DSCF3104-1024x787.jpg 1024w, https:\/\/www.interface-wien.at\/wp-content\/uploads\/2025\/01\/DSCF3104-400x307.jpg 400w, https:\/\/www.interface-wien.at\/wp-content\/uploads\/2025\/01\/DSCF3104-768x590.jpg 768w, https:\/\/www.interface-wien.at\/wp-content\/uploads\/2025\/01\/DSCF3104-1536x1180.jpg 1536w, https:\/\/www.interface-wien.at\/wp-content\/uploads\/2025\/01\/DSCF3104-2048x1573.jpg 2048w, https:\/\/www.interface-wien.at\/wp-content\/uploads\/2025\/01\/DSCF3104-16x12.jpg 16w\" sizes=\"(max-width: 2560px) 100vw, 2560px\" \/>\t\t\t\t\t\t\t\t<\/a>\n\t\t\t\t\t\t\t\t\t\t\t\t\t\t\t<\/div>\n\t\t\t\t<\/div>\n\t\t\t\t\t<\/div>\n\t\t\t\t<\/div>\n\t\t<div class=\"elementor-element elementor-element-9e62717 e-flex e-con-boxed e-con e-parent\" data-id=\"9e62717\" data-element_type=\"container\" data-e-type=\"container\" data-settings=\"{&quot;background_background&quot;:&quot;classic&quot;}\">\n\t\t\t\t\t<div class=\"e-con-inner\">\n\t\t<div class=\"elementor-element elementor-element-947ef52 e-con-full e-flex e-con e-child\" data-id=\"947ef52\" data-element_type=\"container\" data-e-type=\"container\">\n\t\t\t\t<div class=\"elementor-element elementor-element-ceee79f elementor-widget__width-inherit elementor-widget elementor-widget-heading\" data-id=\"ceee79f\" data-element_type=\"widget\" data-e-type=\"widget\" data-widget_type=\"heading.default\">\n\t\t\t\t<div class=\"elementor-widget-container\">\n\t\t\t\t\t<h3 class=\"elementor-heading-title elementor-size-default\">Praktikum<\/h3>\t\t\t\t<\/div>\n\t\t\t\t<\/div>\n\t\t\t\t<div class=\"elementor-element elementor-element-8a06e77 elementor-widget-tablet__width-inherit elementor-widget elementor-widget-text-editor\" data-id=\"8a06e77\" data-element_type=\"widget\" data-e-type=\"widget\" data-widget_type=\"text-editor.default\">\n\t\t\t\t<div class=\"elementor-widget-container\">\n\t\t\t\t\t\t\t\t\t<p>Please apply for internship positions directly at <strong>Project Management<\/strong> of the project in which you would like to do an internship and provide both the<strong> Period<\/strong> of the internship as well as the <strong>weekly hours<\/strong> at. Unfortunately, paid internships are not possible.<\/p>\t\t\t\t\t\t\t\t<\/div>\n\t\t\t\t<\/div>\n\t\t\t\t<\/div>\n\t\t\t\t<div class=\"elementor-element elementor-element-b6bc1bd elementor-widget__width-initial elementor-widget elementor-widget-image\" data-id=\"b6bc1bd\" data-element_type=\"widget\" data-e-type=\"widget\" data-widget_type=\"image.default\">\n\t\t\t\t<div class=\"elementor-widget-container\">\n\t\t\t\t\t\t\t\t\t\t\t\t\t\t\t\t<a href=\"https:\/\/www.interface-wien.at\/wp-content\/uploads\/2024\/01\/JC-Picknick-Prater-scaled.jpg\" data-elementor-open-lightbox=\"yes\" data-elementor-lightbox-title=\"JuCo_4\" data-e-action-hash=\"#elementor-action%3Aaction%3Dlightbox%26settings%3DeyJpZCI6NDQwMiwidXJsIjoiaHR0cHM6XC9cL3d3dy5pbnRlcmZhY2Utd2llbi5hdFwvd3AtY29udGVudFwvdXBsb2Fkc1wvMjAyNFwvMDFcL0pDLVBpY2tuaWNrLVByYXRlci1zY2FsZWQuanBnIn0%3D\">\n\t\t\t\t\t\t\t<img decoding=\"async\" width=\"2560\" height=\"1707\" src=\"https:\/\/www.interface-wien.at\/wp-content\/uploads\/2024\/01\/JC-Picknick-Prater-scaled.jpg\" class=\"attachment-full size-full wp-image-4402\" alt=\"Drei l\u00e4chelnde Kursteilnehmer sitzen im gr\u00fcnen Prater auf einer Mauer\" srcset=\"https:\/\/www.interface-wien.at\/wp-content\/uploads\/2024\/01\/JC-Picknick-Prater-scaled.jpg 2560w, https:\/\/www.interface-wien.at\/wp-content\/uploads\/2024\/01\/JC-Picknick-Prater-300x200.jpg 300w, https:\/\/www.interface-wien.at\/wp-content\/uploads\/2024\/01\/JC-Picknick-Prater-1024x683.jpg 1024w, https:\/\/www.interface-wien.at\/wp-content\/uploads\/2024\/01\/JC-Picknick-Prater-768x512.jpg 768w, https:\/\/www.interface-wien.at\/wp-content\/uploads\/2024\/01\/JC-Picknick-Prater-1536x1024.jpg 1536w, https:\/\/www.interface-wien.at\/wp-content\/uploads\/2024\/01\/JC-Picknick-Prater-2048x1365.jpg 2048w, https:\/\/www.interface-wien.at\/wp-content\/uploads\/2024\/01\/JC-Picknick-Prater-18x12.jpg 18w\" sizes=\"(max-width: 2560px) 100vw, 2560px\" \/>\t\t\t\t\t\t\t\t<\/a>\n\t\t\t\t\t\t\t\t\t\t\t\t\t\t\t<\/div>\n\t\t\t\t<\/div>\n\t\t\t\t\t<\/div>\n\t\t\t\t<\/div>\n\t\t\t\t<\/div>","protected":false},"excerpt":{"rendered":"<p>Offene Stellen im Projekt Nurses4Vienna Kursleitung DaZ, 21 WS, Bewerbungsfrist bis 15.4. 2026 Nurses4Vienna Kursteilnehmer*innen Foto: Wiener Gesundheitsverbund \/ Bohmann Offene Stellen in den Sommerbildungsprojekten Wiener SommerdeutschkurseKursleiter*innen f\u00fcr fr\u00fchkindliche Sprachf\u00f6rderung von Schulneulingen, 18,5 WS, laufende Bewerbung Summer City CampsKursleiter*innen f\u00fcr integrative Sprachf\u00f6rderung in Deutsch f\u00fcr Volksschulkinder, 12, 17 oder 29 WS, laufende Bewerbung Kursleiter*innen f\u00fcr [&hellip;]<\/p>","protected":false},"author":4,"featured_media":0,"parent":0,"menu_order":0,"comment_status":"closed","ping_status":"closed","template":"","meta":{"_acf_changed":false,"footnotes":""},"class_list":["post-8817","page","type-page","status-publish","hentry"],"acf":[],"yoast_head":"<!-- This site is optimized with the Yoast SEO plugin v26.5 - https:\/\/yoast.com\/wordpress\/plugins\/seo\/ -->\n<title>Offene Stellen - Interface Wien<\/title>\n<meta name=\"robots\" content=\"index, follow, max-snippet:-1, max-image-preview:large, max-video-preview:-1\" \/>\n<link rel=\"canonical\" href=\"https:\/\/www.interface-wien.at\/en\/offene-stellen\/\" \/>\n<meta property=\"og:locale\" content=\"en_GB\" \/>\n<meta property=\"og:type\" content=\"article\" \/>\n<meta property=\"og:title\" content=\"Offene Stellen - Interface Wien\" \/>\n<meta property=\"og:description\" content=\"Offene Stellen im Projekt Nurses4Vienna Kursleitung DaZ, 21 WS, Bewerbungsfrist bis 15.4. 2026 Nurses4Vienna Kursteilnehmer*innen Foto: Wiener Gesundheitsverbund \/ Bohmann Offene Stellen in den Sommerbildungsprojekten Wiener SommerdeutschkurseKursleiter*innen f\u00fcr fr\u00fchkindliche Sprachf\u00f6rderung von Schulneulingen, 18,5 WS, laufende Bewerbung Summer City CampsKursleiter*innen f\u00fcr integrative Sprachf\u00f6rderung in Deutsch f\u00fcr Volksschulkinder, 12, 17 oder 29 WS, laufende Bewerbung Kursleiter*innen f\u00fcr [&hellip;]\" \/>\n<meta property=\"og:url\" content=\"https:\/\/www.interface-wien.at\/en\/offene-stellen\/\" \/>\n<meta property=\"og:site_name\" content=\"Interface Wien\" \/>\n<meta property=\"article:modified_time\" content=\"2026-04-02T10:19:56+00:00\" \/>\n<meta property=\"og:image\" content=\"https:\/\/www.interface-wien.at\/wp-content\/uploads\/2026\/04\/wiener-gesundheitsverbund-nurses4vienna-indonesien-ankunft-1600x800-1-1030x515-1.jpg\" \/>\n\t<meta property=\"og:image:width\" content=\"1030\" \/>\n\t<meta property=\"og:image:height\" content=\"515\" \/>\n\t<meta property=\"og:image:type\" content=\"image\/jpeg\" \/>\n<meta name=\"twitter:card\" content=\"summary_large_image\" \/>\n<meta name=\"twitter:label1\" content=\"Estimated reading time\" \/>\n\t<meta name=\"twitter:data1\" content=\"2 minutes\" \/>\n<script type=\"application\/ld+json\" class=\"yoast-schema-graph\">{\"@context\":\"https:\/\/schema.org\",\"@graph\":[{\"@type\":\"WebPage\",\"@id\":\"https:\/\/www.interface-wien.at\/offene-stellen\/\",\"url\":\"https:\/\/www.interface-wien.at\/offene-stellen\/\",\"name\":\"Offene Stellen - Interface Wien\",\"isPartOf\":{\"@id\":\"https:\/\/www.interface-wien.at\/#website\"},\"primaryImageOfPage\":{\"@id\":\"https:\/\/www.interface-wien.at\/offene-stellen\/#primaryimage\"},\"image\":{\"@id\":\"https:\/\/www.interface-wien.at\/offene-stellen\/#primaryimage\"},\"thumbnailUrl\":\"https:\/\/www.interface-wien.at\/wp-content\/uploads\/2026\/04\/wiener-gesundheitsverbund-nurses4vienna-indonesien-ankunft-1600x800-1-1030x515-1.jpg\",\"datePublished\":\"2024-03-16T20:26:08+00:00\",\"dateModified\":\"2026-04-02T10:19:56+00:00\",\"breadcrumb\":{\"@id\":\"https:\/\/www.interface-wien.at\/offene-stellen\/#breadcrumb\"},\"inLanguage\":\"en-GB\",\"potentialAction\":[{\"@type\":\"ReadAction\",\"target\":[\"https:\/\/www.interface-wien.at\/offene-stellen\/\"]}]},{\"@type\":\"ImageObject\",\"inLanguage\":\"en-GB\",\"@id\":\"https:\/\/www.interface-wien.at\/offene-stellen\/#primaryimage\",\"url\":\"https:\/\/www.interface-wien.at\/wp-content\/uploads\/2026\/04\/wiener-gesundheitsverbund-nurses4vienna-indonesien-ankunft-1600x800-1-1030x515-1.jpg\",\"contentUrl\":\"https:\/\/www.interface-wien.at\/wp-content\/uploads\/2026\/04\/wiener-gesundheitsverbund-nurses4vienna-indonesien-ankunft-1600x800-1-1030x515-1.jpg\"},{\"@type\":\"BreadcrumbList\",\"@id\":\"https:\/\/www.interface-wien.at\/offene-stellen\/#breadcrumb\",\"itemListElement\":[{\"@type\":\"ListItem\",\"position\":1,\"name\":\"Interface Wien\",\"item\":\"https:\/\/www.interface-wien.at\/\"},{\"@type\":\"ListItem\",\"position\":2,\"name\":\"Offene Stellen\"}]},{\"@type\":\"WebSite\",\"@id\":\"https:\/\/www.interface-wien.at\/#website\",\"url\":\"https:\/\/www.interface-wien.at\/\",\"name\":\"Interface Wien\",\"description\":\"Ankommen begleiten - Zukunft gestalten\",\"publisher\":{\"@id\":\"https:\/\/www.interface-wien.at\/#organization\"},\"potentialAction\":[{\"@type\":\"SearchAction\",\"target\":{\"@type\":\"EntryPoint\",\"urlTemplate\":\"https:\/\/www.interface-wien.at\/?s={search_term_string}\"},\"query-input\":{\"@type\":\"PropertyValueSpecification\",\"valueRequired\":true,\"valueName\":\"search_term_string\"}}],\"inLanguage\":\"en-GB\"},{\"@type\":\"Organization\",\"@id\":\"https:\/\/www.interface-wien.at\/#organization\",\"name\":\"Interface Wien\",\"url\":\"https:\/\/www.interface-wien.at\/\",\"logo\":{\"@type\":\"ImageObject\",\"inLanguage\":\"en-GB\",\"@id\":\"https:\/\/www.interface-wien.at\/#\/schema\/logo\/image\/\",\"url\":\"https:\/\/www.interface-wien.at\/wp-content\/uploads\/2023\/12\/InterfaceWien-Logo.svg\",\"contentUrl\":\"https:\/\/www.interface-wien.at\/wp-content\/uploads\/2023\/12\/InterfaceWien-Logo.svg\",\"width\":840,\"height\":252,\"caption\":\"Interface Wien\"},\"image\":{\"@id\":\"https:\/\/www.interface-wien.at\/#\/schema\/logo\/image\/\"}}]}<\/script>\n<!-- \/ Yoast SEO plugin. -->","yoast_head_json":{"title":"Job openings - Interface Vienna","robots":{"index":"index","follow":"follow","max-snippet":"max-snippet:-1","max-image-preview":"max-image-preview:large","max-video-preview":"max-video-preview:-1"},"canonical":"https:\/\/www.interface-wien.at\/en\/offene-stellen\/","og_locale":"en_GB","og_type":"article","og_title":"Offene Stellen - Interface Wien","og_description":"Offene Stellen im Projekt Nurses4Vienna Kursleitung DaZ, 21 WS, Bewerbungsfrist bis 15.4. 2026 Nurses4Vienna Kursteilnehmer*innen Foto: Wiener Gesundheitsverbund \/ Bohmann Offene Stellen in den Sommerbildungsprojekten Wiener SommerdeutschkurseKursleiter*innen f\u00fcr fr\u00fchkindliche Sprachf\u00f6rderung von Schulneulingen, 18,5 WS, laufende Bewerbung Summer City CampsKursleiter*innen f\u00fcr integrative Sprachf\u00f6rderung in Deutsch f\u00fcr Volksschulkinder, 12, 17 oder 29 WS, laufende Bewerbung Kursleiter*innen f\u00fcr [&hellip;]","og_url":"https:\/\/www.interface-wien.at\/en\/offene-stellen\/","og_site_name":"Interface Wien","article_modified_time":"2026-04-02T10:19:56+00:00","og_image":[{"width":1030,"height":515,"url":"https:\/\/www.interface-wien.at\/wp-content\/uploads\/2026\/04\/wiener-gesundheitsverbund-nurses4vienna-indonesien-ankunft-1600x800-1-1030x515-1.jpg","type":"image\/jpeg"}],"twitter_card":"summary_large_image","twitter_misc":{"Estimated reading time":"2 minutes"},"schema":{"@context":"https:\/\/schema.org","@graph":[{"@type":"WebPage","@id":"https:\/\/www.interface-wien.at\/offene-stellen\/","url":"https:\/\/www.interface-wien.at\/offene-stellen\/","name":"Job openings - Interface Vienna","isPartOf":{"@id":"https:\/\/www.interface-wien.at\/#website"},"primaryImageOfPage":{"@id":"https:\/\/www.interface-wien.at\/offene-stellen\/#primaryimage"},"image":{"@id":"https:\/\/www.interface-wien.at\/offene-stellen\/#primaryimage"},"thumbnailUrl":"https:\/\/www.interface-wien.at\/wp-content\/uploads\/2026\/04\/wiener-gesundheitsverbund-nurses4vienna-indonesien-ankunft-1600x800-1-1030x515-1.jpg","datePublished":"2024-03-16T20:26:08+00:00","dateModified":"2026-04-02T10:19:56+00:00","breadcrumb":{"@id":"https:\/\/www.interface-wien.at\/offene-stellen\/#breadcrumb"},"inLanguage":"en-GB","potentialAction":[{"@type":"ReadAction","target":["https:\/\/www.interface-wien.at\/offene-stellen\/"]}]},{"@type":"ImageObject","inLanguage":"en-GB","@id":"https:\/\/www.interface-wien.at\/offene-stellen\/#primaryimage","url":"https:\/\/www.interface-wien.at\/wp-content\/uploads\/2026\/04\/wiener-gesundheitsverbund-nurses4vienna-indonesien-ankunft-1600x800-1-1030x515-1.jpg","contentUrl":"https:\/\/www.interface-wien.at\/wp-content\/uploads\/2026\/04\/wiener-gesundheitsverbund-nurses4vienna-indonesien-ankunft-1600x800-1-1030x515-1.jpg"},{"@type":"BreadcrumbList","@id":"https:\/\/www.interface-wien.at\/offene-stellen\/#breadcrumb","itemListElement":[{"@type":"ListItem","position":1,"name":"Interface Wien","item":"https:\/\/www.interface-wien.at\/"},{"@type":"ListItem","position":2,"name":"Offene Stellen"}]},{"@type":"WebSite","@id":"https:\/\/www.interface-wien.at\/#website","url":"https:\/\/www.interface-wien.at\/","name":"Interface Wien","description":"Accompany your arrival - shape the future","publisher":{"@id":"https:\/\/www.interface-wien.at\/#organization"},"potentialAction":[{"@type":"SearchAction","target":{"@type":"EntryPoint","urlTemplate":"https:\/\/www.interface-wien.at\/?s={search_term_string}"},"query-input":{"@type":"PropertyValueSpecification","valueRequired":true,"valueName":"search_term_string"}}],"inLanguage":"en-GB"},{"@type":"Organization","@id":"https:\/\/www.interface-wien.at\/#organization","name":"Interface Wien","url":"https:\/\/www.interface-wien.at\/","logo":{"@type":"ImageObject","inLanguage":"en-GB","@id":"https:\/\/www.interface-wien.at\/#\/schema\/logo\/image\/","url":"https:\/\/www.interface-wien.at\/wp-content\/uploads\/2023\/12\/InterfaceWien-Logo.svg","contentUrl":"https:\/\/www.interface-wien.at\/wp-content\/uploads\/2023\/12\/InterfaceWien-Logo.svg","width":840,"height":252,"caption":"Interface Wien"},"image":{"@id":"https:\/\/www.interface-wien.at\/#\/schema\/logo\/image\/"}}]}},"_links":{"self":[{"href":"https:\/\/www.interface-wien.at\/en\/wp-json\/wp\/v2\/pages\/8817","targetHints":{"allow":["GET"]}}],"collection":[{"href":"https:\/\/www.interface-wien.at\/en\/wp-json\/wp\/v2\/pages"}],"about":[{"href":"https:\/\/www.interface-wien.at\/en\/wp-json\/wp\/v2\/types\/page"}],"author":[{"embeddable":true,"href":"https:\/\/www.interface-wien.at\/en\/wp-json\/wp\/v2\/users\/4"}],"replies":[{"embeddable":true,"href":"https:\/\/www.interface-wien.at\/en\/wp-json\/wp\/v2\/comments?post=8817"}],"version-history":[{"count":389,"href":"https:\/\/www.interface-wien.at\/en\/wp-json\/wp\/v2\/pages\/8817\/revisions"}],"predecessor-version":[{"id":14740,"href":"https:\/\/www.interface-wien.at\/en\/wp-json\/wp\/v2\/pages\/8817\/revisions\/14740"}],"wp:attachment":[{"href":"https:\/\/www.interface-wien.at\/en\/wp-json\/wp\/v2\/media?parent=8817"}],"curies":[{"name":"wp","href":"https:\/\/api.w.org\/{rel}","templated":true}]}}